{"id":969,"date":"2017-03-29T15:09:56","date_gmt":"2017-03-29T13:09:56","guid":{"rendered":"http:\/\/gangolf.be\/cms\/?page_id=969"},"modified":"2017-04-12T13:36:44","modified_gmt":"2017-04-12T11:36:44","slug":"serrure-a-cylindre","status":"publish","type":"page","link":"http:\/\/gangolf.be\/cms\/fr\/realisations\/porte-coupe-feu\/serrure-a-cylindre\/","title":{"rendered":"Serrure \u00e0 cylindre"},"content":{"rendered":"<div id='layer_slider_1'  class='avia-layerslider main_color avia-shadow  avia-builder-el-0  el_before_av_one_third  avia-builder-el-first  container_wrap fullsize'  style='height: 351px; max-width: 1120px; margin: 0 auto;'  ><\/div><div id='after_layer_slider_1'  class='main_color av_default_container_wrap container_wrap fullsize'  ><div class='container av-section-cont-open' ><div class='template-page content  av-content-full alpha units'><div class='post-entry post-entry-type-page post-entry-969'><div class='entry-content-wrapper clearfix'>\n\n<style type=\"text\/css\" data-created_by=\"avia_inline_auto\" id=\"style-css-av-av_one_third-6126cab7d8fab8d08143dd2dacdf673c\">\n.flex_column.av-av_one_third-6126cab7d8fab8d08143dd2dacdf673c{\nborder-radius:0px 0px 0px 0px;\npadding:0px 0px 0px 0px;\n}\n<\/style>\n<div  class='flex_column av-av_one_third-6126cab7d8fab8d08143dd2dacdf673c av_one_third  avia-builder-el-1  el_after_av_layerslider  el_before_av_two_third  avia-builder-el-first  first flex_column_div av-zero-column-padding  '     ><style type=\"text\/css\" data-created_by=\"avia_inline_auto\" id=\"style-css-av-av_image-27d6648ecd60e5b2ad7f2f8b47ba82a3\">\n.avia-image-container.av-av_image-27d6648ecd60e5b2ad7f2f8b47ba82a3 img.avia_image{\nbox-shadow:none;\n}\n.avia-image-container.av-av_image-27d6648ecd60e5b2ad7f2f8b47ba82a3 .av-image-caption-overlay-center{\ncolor:#ffffff;\n}\n<\/style>\n<div  class='avia-image-container av-av_image-27d6648ecd60e5b2ad7f2f8b47ba82a3 av-styling- avia-align-center  avia-builder-el-2  avia-builder-el-no-sibling '   itemprop=\"image\" itemscope=\"itemscope\" itemtype=\"https:\/\/schema.org\/ImageObject\" ><div class=\"avia-image-container-inner\"><div class=\"avia-image-overlay-wrap\"><img fetchpriority=\"high\" class='wp-image-276 avia-img-lazy-loading-not-276 avia_image ' src='http:\/\/gangolf.be\/cms\/wp-content\/uploads\/2015\/10\/logo_fpd_gangolf.png' alt='' title='logo_fpd_gangolf'  height=\"128\" width=\"250\"  itemprop=\"thumbnailUrl\"  \/><\/div><\/div><\/div><\/div>\n\n<style type=\"text\/css\" data-created_by=\"avia_inline_auto\" id=\"style-css-av-av_two_third-a46df370dd9a40a6b0f93804e87d7282\">\n.flex_column.av-av_two_third-a46df370dd9a40a6b0f93804e87d7282{\nborder-radius:0px 0px 0px 0px;\npadding:0px 0px 0px 0px;\n}\n<\/style>\n<div  class='flex_column av-av_two_third-a46df370dd9a40a6b0f93804e87d7282 av_two_third  avia-builder-el-3  el_after_av_one_third  el_before_av_one_full  flex_column_div av-animated-generic bottom-to-top av-zero-column-padding  '     ><style type=\"text\/css\" data-created_by=\"avia_inline_auto\" id=\"style-css-av-av_heading-c755787423bcd2022d19d6d39f774b8a\">\n#top .av-special-heading.av-av_heading-c755787423bcd2022d19d6d39f774b8a{\npadding-bottom:0;\n}\nbody .av-special-heading.av-av_heading-c755787423bcd2022d19d6d39f774b8a .av-special-heading-tag .heading-char{\nfont-size:25px;\n}\n.av-special-heading.av-av_heading-c755787423bcd2022d19d6d39f774b8a .av-subheading{\nfont-size:15px;\n}\n<\/style>\n<div  class='av-special-heading av-av_heading-c755787423bcd2022d19d6d39f774b8a av-special-heading-h2 blockquote modern-quote  avia-builder-el-4  avia-builder-el-no-sibling '><h2 class='av-special-heading-tag '  itemprop=\"headline\"  >Serrure \u00e0 cylindre<\/h2><div class=\"special-heading-border\"><div class=\"special-heading-inner-border\"><\/div><\/div><\/div><\/div>\n\n<style type=\"text\/css\" data-created_by=\"avia_inline_auto\" id=\"style-css-av-av_one_full-d71a51a707c4656b37c9afbbd6138215\">\n.flex_column.av-av_one_full-d71a51a707c4656b37c9afbbd6138215{\nborder-radius:0px 0px 0px 0px;\npadding:0px 0px 0px 0px;\n}\n<\/style>\n<div  class='flex_column av-av_one_full-d71a51a707c4656b37c9afbbd6138215 av_one_full  avia-builder-el-5  el_after_av_two_third  el_before_av_slideshow  first flex_column_div av-animated-generic bottom-to-top av-zero-column-padding  column-top-margin'     ><section  class='av_textblock_section av-av_textblock-396ddf1f42196ca838231e61a4602801 '   itemscope=\"itemscope\" itemtype=\"https:\/\/schema.org\/CreativeWork\" ><div class='avia_textblock'  itemprop=\"text\" ><ul>\n<li>serrures standards \u00e0 p\u00eane demi-tour et \u00e0 p\u00eane dormant<\/li>\n<li>verrouillage multipoint (triple ou cinq fois)<\/li>\n<li>serrure antipanique<\/li>\n<li>cylindre profil\u00e9 standard, cylindre \u00e0 bouton avec une protection antieffraction, faisant partie d\u2019un dispositif de fermeture<\/li>\n<\/ul>\n<h5>Garnitures de portes selon les souhaits du client<\/h5>\n<p>Lorsqu\u2019on opte pour une serrure antipanique, il faut pr\u00e9voir une garniture dont l\u2019\u00e9l\u00e9ment de pr\u00e9hension est tourn\u00e9 vers la porte et dont la tige de 9 mm est carr\u00e9e.<\/p>\n<\/div><\/section><\/div>\n<div  class='avia-slideshow av-av_slideshow-4a2b9c3d332f043cc35d3f7bf93cc75b avia-slideshow-large av_slideshow avia-slide-slider  avia-builder-el-7  el_after_av_one_full  avia-builder-el-last  av-slideshow-ui av-control-default av-slideshow-autoplay av-loop-endless av-loop-manual-endless av-default-height-applied avia-slideshow-1' data-slideshow-options=\"{&quot;animation&quot;:&quot;slide&quot;,&quot;autoplay&quot;:true,&quot;loop_autoplay&quot;:&quot;endless&quot;,&quot;interval&quot;:5,&quot;loop_manual&quot;:&quot;manual-endless&quot;,&quot;autoplay_stopper&quot;:false,&quot;noNavigation&quot;:false,&quot;bg_slider&quot;:false,&quot;keep_padding&quot;:false,&quot;hoverpause&quot;:false,&quot;show_slide_delay&quot;:0}\"  itemprop=\"image\" itemscope=\"itemscope\" itemtype=\"https:\/\/schema.org\/ImageObject\" ><ul class='avia-slideshow-inner ' style='padding-bottom: 80%;'><li  class='avia-slideshow-slide av-av_slideshow-4a2b9c3d332f043cc35d3f7bf93cc75b__0  slide-1 slide-odd'><div data-rel='slideshow-1' class='avia-slide-wrap '   ><img fetchpriority=\"high\" class=\"wp-image-412 avia-img-lazy-loading-not-412\"  src='http:\/\/gangolf.be\/cms\/wp-content\/uploads\/2017\/01\/zylinderschloss01.jpg' width='500' height='400' title='zylinderschloss01' alt=''  itemprop=\"thumbnailUrl\"   \/><\/div><\/li><li  class='avia-slideshow-slide av-av_slideshow-4a2b9c3d332f043cc35d3f7bf93cc75b__1  slide-2 slide-even'><div data-rel='slideshow-1' class='avia-slide-wrap '   ><img fetchpriority=\"high\" class=\"wp-image-413 avia-img-lazy-loading-not-413\"  src='http:\/\/gangolf.be\/cms\/wp-content\/uploads\/2017\/01\/zylinderschloss02.jpg' width='500' height='400' title='zylinderschloss02' alt=''  itemprop=\"thumbnailUrl\"   \/><\/div><\/li><li  class='avia-slideshow-slide av-av_slideshow-4a2b9c3d332f043cc35d3f7bf93cc75b__2  slide-3 slide-odd'><div data-rel='slideshow-1' class='avia-slide-wrap '   ><img fetchpriority=\"high\" class=\"wp-image-414 avia-img-lazy-loading-not-414\"  src='http:\/\/gangolf.be\/cms\/wp-content\/uploads\/2017\/01\/zylinderschloss03.jpg' width='500' height='400' title='zylinderschloss03' alt=''  itemprop=\"thumbnailUrl\"   \/><\/div><\/li><\/ul><div class='avia-slideshow-arrows avia-slideshow-controls' ><a href='#prev' class='prev-slide  avia-svg-icon avia-font-svg_entypo-fontello' data-av_svg_icon='left-open-big' data-av_iconset='svg_entypo-fontello' tabindex='-1' title=\"Zur\u00fcck\"><svg version=\"1.1\" xmlns=\"http:\/\/www.w3.org\/2000\/svg\" width=\"15\" height=\"32\" viewBox=\"0 0 15 32\" preserveAspectRatio=\"xMidYMid meet\" aria-labelledby='av-svg-title-1' aria-describedby='av-svg-desc-1' role=\"graphics-symbol\" aria-hidden=\"true\">\n<title id='av-svg-title-1'>Zur\u00fcck<\/title>\n<desc id='av-svg-desc-1'>Zur\u00fcck<\/desc>\n<path d=\"M14.464 27.84q0.832 0.832 0 1.536-0.832 0.832-1.536 0l-12.544-12.608q-0.768-0.768 0-1.6l12.544-12.608q0.704-0.832 1.536 0 0.832 0.704 0 1.536l-11.456 11.904z\"><\/path>\n<\/svg><span class='avia_hidden_link_text'>Zur\u00fcck<\/span><\/a><a href='#next' class='next-slide  avia-svg-icon avia-font-svg_entypo-fontello' data-av_svg_icon='right-open-big' data-av_iconset='svg_entypo-fontello' tabindex='-1' title=\"Weiter\"><svg version=\"1.1\" xmlns=\"http:\/\/www.w3.org\/2000\/svg\" width=\"15\" height=\"32\" viewBox=\"0 0 15 32\" preserveAspectRatio=\"xMidYMid meet\" aria-labelledby='av-svg-title-2' aria-describedby='av-svg-desc-2' role=\"graphics-symbol\" aria-hidden=\"true\">\n<title id='av-svg-title-2'>Weiter<\/title>\n<desc id='av-svg-desc-2'>Weiter<\/desc>\n<path d=\"M0.416 27.84l11.456-11.84-11.456-11.904q-0.832-0.832 0-1.536 0.832-0.832 1.536 0l12.544 12.608q0.768 0.832 0 1.6l-12.544 12.608q-0.704 0.832-1.536 0-0.832-0.704 0-1.536z\"><\/path>\n<\/svg><span class='avia_hidden_link_text'>Weiter<\/span><\/a><\/div><div class='avia-slideshow-dots avia-slideshow-controls'><a href='#1' class='goto-slide active' >1<\/a><a href='#2' class='goto-slide ' >2<\/a><a href='#3' class='goto-slide ' >3<\/a><\/div><\/div>\n","protected":false},"excerpt":{"rendered":"","protected":false},"author":1,"featured_media":0,"parent":942,"menu_order":5,"comment_status":"closed","ping_status":"closed","template":"","meta":{"footnotes":""},"class_list":["post-969","page","type-page","status-publish","hentry"],"yoast_head":"<!-- This site is optimized with the Yoast SEO plugin v26.0 - https:\/\/yoast.com\/wordpress\/plugins\/seo\/ -->\n<title>Schreinerei Gangolf - Porte coupe-feu - Serrure \u00e0 cylindre<\/title>\n<meta name=\"description\" content=\"Serrure \u00e0 cylindre, Schreinerei Gangolf, St.Vith, serrure, verrouillage multipoint, serrure standard, serrure antipanique, protection antieffraction\" \/>\n<meta name=\"robots\" content=\"index, follow, max-snippet:-1, max-image-preview:large, max-video-preview:-1\" \/>\n<link rel=\"canonical\" href=\"http:\/\/gangolf.be\/cms\/fr\/realisations\/porte-coupe-feu\/serrure-a-cylindre\/\" \/>\n<meta property=\"og:locale\" content=\"de_DE\" \/>\n<meta property=\"og:type\" content=\"article\" \/>\n<meta property=\"og:title\" content=\"Schreinerei Gangolf - Porte coupe-feu - Serrure \u00e0 cylindre\" \/>\n<meta property=\"og:description\" content=\"Serrure \u00e0 cylindre, Schreinerei Gangolf, St.Vith, serrure, verrouillage multipoint, serrure standard, serrure antipanique, protection antieffraction\" \/>\n<meta property=\"og:url\" content=\"http:\/\/gangolf.be\/cms\/fr\/realisations\/porte-coupe-feu\/serrure-a-cylindre\/\" \/>\n<meta property=\"og:site_name\" content=\"Schreinerei Gangolf\" \/>\n<meta property=\"article:modified_time\" content=\"2017-04-12T11:36:44+00:00\" \/>\n<meta name=\"twitter:card\" content=\"summary_large_image\" \/>\n<meta name=\"twitter:label1\" content=\"Gesch\u00e4tzte Lesezeit\" \/>\n\t<meta name=\"twitter:data1\" content=\"2\u00a0Minuten\" \/>\n<script type=\"application\/ld+json\" class=\"yoast-schema-graph\">{\"@context\":\"https:\/\/schema.org\",\"@graph\":[{\"@type\":\"WebPage\",\"@id\":\"http:\/\/gangolf.be\/cms\/fr\/realisations\/porte-coupe-feu\/serrure-a-cylindre\/\",\"url\":\"http:\/\/gangolf.be\/cms\/fr\/realisations\/porte-coupe-feu\/serrure-a-cylindre\/\",\"name\":\"Schreinerei Gangolf - Porte coupe-feu - Serrure \u00e0 cylindre\",\"isPartOf\":{\"@id\":\"http:\/\/gangolf.be\/cms\/#website\"},\"datePublished\":\"2017-03-29T13:09:56+00:00\",\"dateModified\":\"2017-04-12T11:36:44+00:00\",\"description\":\"Serrure \u00e0 cylindre, Schreinerei Gangolf, St.Vith, serrure, verrouillage multipoint, serrure standard, serrure antipanique, protection antieffraction\",\"breadcrumb\":{\"@id\":\"http:\/\/gangolf.be\/cms\/fr\/realisations\/porte-coupe-feu\/serrure-a-cylindre\/#breadcrumb\"},\"inLanguage\":\"de\",\"potentialAction\":[{\"@type\":\"ReadAction\",\"target\":[\"http:\/\/gangolf.be\/cms\/fr\/realisations\/porte-coupe-feu\/serrure-a-cylindre\/\"]}]},{\"@type\":\"BreadcrumbList\",\"@id\":\"http:\/\/gangolf.be\/cms\/fr\/realisations\/porte-coupe-feu\/serrure-a-cylindre\/#breadcrumb\",\"itemListElement\":[{\"@type\":\"ListItem\",\"position\":1,\"name\":\"Startseite\",\"item\":\"http:\/\/gangolf.be\/cms\/de\/home\/\"},{\"@type\":\"ListItem\",\"position\":2,\"name\":\"R\u00e9alisations\",\"item\":\"http:\/\/gangolf.be\/cms\/fr\/realisations\/\"},{\"@type\":\"ListItem\",\"position\":3,\"name\":\"Porte coupe-feu\",\"item\":\"https:\/\/gangolf.be\/cms\/fr\/realisations\/porte-coupe-feu\/\"},{\"@type\":\"ListItem\",\"position\":4,\"name\":\"Serrure \u00e0 cylindre\"}]},{\"@type\":\"WebSite\",\"@id\":\"http:\/\/gangolf.be\/cms\/#website\",\"url\":\"http:\/\/gangolf.be\/cms\/\",\"name\":\"Schreinerei Gangolf\",\"description\":\"\",\"potentialAction\":[{\"@type\":\"SearchAction\",\"target\":{\"@type\":\"EntryPoint\",\"urlTemplate\":\"http:\/\/gangolf.be\/cms\/?s={search_term_string}\"},\"query-input\":{\"@type\":\"PropertyValueSpecification\",\"valueRequired\":true,\"valueName\":\"search_term_string\"}}],\"inLanguage\":\"de\"}]}<\/script>\n<!-- \/ Yoast SEO plugin. -->","yoast_head_json":{"title":"Schreinerei Gangolf - Porte coupe-feu - Serrure \u00e0 cylindre","description":"Serrure \u00e0 cylindre, Schreinerei Gangolf, St.Vith, serrure, verrouillage multipoint, serrure standard, serrure antipanique, protection antieffraction","robots":{"index":"index","follow":"follow","max-snippet":"max-snippet:-1","max-image-preview":"max-image-preview:large","max-video-preview":"max-video-preview:-1"},"canonical":"http:\/\/gangolf.be\/cms\/fr\/realisations\/porte-coupe-feu\/serrure-a-cylindre\/","og_locale":"de_DE","og_type":"article","og_title":"Schreinerei Gangolf - Porte coupe-feu - Serrure \u00e0 cylindre","og_description":"Serrure \u00e0 cylindre, Schreinerei Gangolf, St.Vith, serrure, verrouillage multipoint, serrure standard, serrure antipanique, protection antieffraction","og_url":"http:\/\/gangolf.be\/cms\/fr\/realisations\/porte-coupe-feu\/serrure-a-cylindre\/","og_site_name":"Schreinerei Gangolf","article_modified_time":"2017-04-12T11:36:44+00:00","twitter_card":"summary_large_image","twitter_misc":{"Gesch\u00e4tzte Lesezeit":"2\u00a0Minuten"},"schema":{"@context":"https:\/\/schema.org","@graph":[{"@type":"WebPage","@id":"http:\/\/gangolf.be\/cms\/fr\/realisations\/porte-coupe-feu\/serrure-a-cylindre\/","url":"http:\/\/gangolf.be\/cms\/fr\/realisations\/porte-coupe-feu\/serrure-a-cylindre\/","name":"Schreinerei Gangolf - Porte coupe-feu - Serrure \u00e0 cylindre","isPartOf":{"@id":"http:\/\/gangolf.be\/cms\/#website"},"datePublished":"2017-03-29T13:09:56+00:00","dateModified":"2017-04-12T11:36:44+00:00","description":"Serrure \u00e0 cylindre, Schreinerei Gangolf, St.Vith, serrure, verrouillage multipoint, serrure standard, serrure antipanique, protection antieffraction","breadcrumb":{"@id":"http:\/\/gangolf.be\/cms\/fr\/realisations\/porte-coupe-feu\/serrure-a-cylindre\/#breadcrumb"},"inLanguage":"de","potentialAction":[{"@type":"ReadAction","target":["http:\/\/gangolf.be\/cms\/fr\/realisations\/porte-coupe-feu\/serrure-a-cylindre\/"]}]},{"@type":"BreadcrumbList","@id":"http:\/\/gangolf.be\/cms\/fr\/realisations\/porte-coupe-feu\/serrure-a-cylindre\/#breadcrumb","itemListElement":[{"@type":"ListItem","position":1,"name":"Startseite","item":"http:\/\/gangolf.be\/cms\/de\/home\/"},{"@type":"ListItem","position":2,"name":"R\u00e9alisations","item":"http:\/\/gangolf.be\/cms\/fr\/realisations\/"},{"@type":"ListItem","position":3,"name":"Porte coupe-feu","item":"https:\/\/gangolf.be\/cms\/fr\/realisations\/porte-coupe-feu\/"},{"@type":"ListItem","position":4,"name":"Serrure \u00e0 cylindre"}]},{"@type":"WebSite","@id":"http:\/\/gangolf.be\/cms\/#website","url":"http:\/\/gangolf.be\/cms\/","name":"Schreinerei Gangolf","description":"","potentialAction":[{"@type":"SearchAction","target":{"@type":"EntryPoint","urlTemplate":"http:\/\/gangolf.be\/cms\/?s={search_term_string}"},"query-input":{"@type":"PropertyValueSpecification","valueRequired":true,"valueName":"search_term_string"}}],"inLanguage":"de"}]}},"_links":{"self":[{"href":"http:\/\/gangolf.be\/cms\/wp-json\/wp\/v2\/pages\/969","targetHints":{"allow":["GET"]}}],"collection":[{"href":"http:\/\/gangolf.be\/cms\/wp-json\/wp\/v2\/pages"}],"about":[{"href":"http:\/\/gangolf.be\/cms\/wp-json\/wp\/v2\/types\/page"}],"author":[{"embeddable":true,"href":"http:\/\/gangolf.be\/cms\/wp-json\/wp\/v2\/users\/1"}],"replies":[{"embeddable":true,"href":"http:\/\/gangolf.be\/cms\/wp-json\/wp\/v2\/comments?post=969"}],"version-history":[{"count":2,"href":"http:\/\/gangolf.be\/cms\/wp-json\/wp\/v2\/pages\/969\/revisions"}],"predecessor-version":[{"id":1109,"href":"http:\/\/gangolf.be\/cms\/wp-json\/wp\/v2\/pages\/969\/revisions\/1109"}],"up":[{"embeddable":true,"href":"http:\/\/gangolf.be\/cms\/wp-json\/wp\/v2\/pages\/942"}],"wp:attachment":[{"href":"http:\/\/gangolf.be\/cms\/wp-json\/wp\/v2\/media?parent=969"}],"curies":[{"name":"wp","href":"https:\/\/api.w.org\/{rel}","templated":true}]}}